{"id":120,"date":"2019-09-02T15:57:44","date_gmt":"2019-09-02T18:57:44","guid":{"rendered":"http:\/\/mediacioncordoba.com\/?page_id=120"},"modified":"2019-12-02T16:30:54","modified_gmt":"2019-12-02T19:30:54","slug":"honorarios","status":"publish","type":"page","link":"https:\/\/mediacioncordoba.com\/index.php\/honorarios\/","title":{"rendered":"HONORARIOS Y COSTOS DE MEDIACI\u00d3N"},"content":{"rendered":"\n<h3 style=\"text-align:center\">Conoc\u00e9 los honorarios y costos de realizar una mediaci\u00f3n en nuestro centro<\/h3>\n\n\n\n<hr class=\"wp-block-separator\"\/>\n\n\n\n<figure class=\"wp-block-image\"><img loading=\"lazy\" width=\"1024\" height=\"576\" src=\"http:\/\/mediacioncordoba.com\/wp-content\/uploads\/2019\/12\/Dise\u00f1o-sin-t\u00edtulo-15-1024x576.png\" alt=\"\" class=\"wp-image-265\" srcset=\"https:\/\/mediacioncordoba.com\/wp-content\/uploads\/2019\/12\/Dise\u00f1o-sin-t\u00edtulo-15-1024x576.png 1024w, https:\/\/mediacioncordoba.com\/wp-content\/uploads\/2019\/12\/Dise\u00f1o-sin-t\u00edtulo-15-300x169.png 300w, https:\/\/mediacioncordoba.com\/wp-content\/uploads\/2019\/12\/Dise\u00f1o-sin-t\u00edtulo-15-768x432.png 768w, https:\/\/mediacioncordoba.com\/wp-content\/uploads\/2019\/12\/Dise\u00f1o-sin-t\u00edtulo-15.png 1920w\" sizes=\"(max-width: 1024px) 100vw, 1024px\" \/><\/figure>\n\n\n\n<hr class=\"wp-block-separator\"\/>\n\n\n\n<h4 style=\"text-align:center\">HONORARIOS DE LOS MEDIADORES<\/h4>\n\n\n\n<p>Los honorarios de los mediadores podr\u00e1n convenirse de com\u00fan acuerdo; en defecto de ello se regir\u00e1n de la siguiente manera:<\/p>\n\n\n\n<p><strong>1) Si se hubiera arribado a un ACUERDO<\/strong>: <br>Pueden presentarse diferentes supuestos:<br>a) <strong>En los asuntos con MONTO DETERMINADO:<\/strong> el cuatro por ciento (4%) sobre el monto del acuerdo (En ning\u00fan caso los honorarios podr\u00e1n ser inferiores a 2 Jus por parte en el supuesto de una sola reuni\u00f3n, 3 Jus por parte en el caso de dos reuniones y 4 Jus por parte en el supuesto de haberse celebrado una tercera reuni\u00f3n). <br>b) <strong>En los asuntos con MONTO INDETERMINADO: <\/strong>2 Jus por parte por cada reuni\u00f3n. <\/p>\n\n\n\n<p><strong>2) Si NO se hubiere arribado a un ACUERDO:<\/strong> 2 Jus por parte en la primera reuni\u00f3n, y 1 Jus por parte en las siguientes reuniones.<\/p>\n\n\n\n<p><strong>3) Si no pudiere llevarse a cabo el proceso de mediaci\u00f3n POR INASISTENCIA DEL REQUERIDO O IMPOSIBILIDAD DE NOTIFICAR:<\/strong> se extender\u00e1 el certificado para continuar con las actuaciones judiciales que tendr\u00e1 un costo administrativo de uno y medio (1,5) Jus.<\/p>\n\n\n\n<hr class=\"wp-block-separator\"\/>\n\n\n\n<div class=\"wp-block-image\"><figure class=\"aligncenter\"><img loading=\"lazy\" width=\"419\" height=\"184\" src=\"http:\/\/mediacioncordoba.com\/wp-content\/uploads\/2019\/08\/membrete-1.jpg\" alt=\"\" class=\"wp-image-42\" srcset=\"https:\/\/mediacioncordoba.com\/wp-content\/uploads\/2019\/08\/membrete-1.jpg 419w, https:\/\/mediacioncordoba.com\/wp-content\/uploads\/2019\/08\/membrete-1-300x132.jpg 300w\" sizes=\"(max-width: 419px) 100vw, 419px\" \/><\/figure><\/div>\n\n\n\n<p><\/p>\n","protected":false},"excerpt":{"rendered":"<p>Conoc\u00e9 los honorarios y costos de realizar una mediaci\u00f3n en nuestro centro HONORARIOS DE LOS MEDIADORES Los honorarios de los mediadores podr\u00e1n convenirse de com\u00fan acuerdo; en defecto de ello &#8230;<\/p>\n","protected":false},"author":1,"featured_media":0,"parent":0,"menu_order":0,"comment_status":"closed","ping_status":"closed","template":"","meta":[],"_links":{"self":[{"href":"https:\/\/mediacioncordoba.com\/index.php\/wp-json\/wp\/v2\/pages\/120"}],"collection":[{"href":"https:\/\/mediacioncordoba.com\/index.php\/wp-json\/wp\/v2\/pages"}],"about":[{"href":"https:\/\/mediacioncordoba.com\/index.php\/wp-json\/wp\/v2\/types\/page"}],"author":[{"embeddable":true,"href":"https:\/\/mediacioncordoba.com\/index.php\/wp-json\/wp\/v2\/users\/1"}],"replies":[{"embeddable":true,"href":"https:\/\/mediacioncordoba.com\/index.php\/wp-json\/wp\/v2\/comments?post=120"}],"version-history":[{"count":15,"href":"https:\/\/mediacioncordoba.com\/index.php\/wp-json\/wp\/v2\/pages\/120\/revisions"}],"predecessor-version":[{"id":267,"href":"https:\/\/mediacioncordoba.com\/index.php\/wp-json\/wp\/v2\/pages\/120\/revisions\/267"}],"wp:attachment":[{"href":"https:\/\/mediacioncordoba.com\/index.php\/wp-json\/wp\/v2\/media?parent=120"}],"curies":[{"name":"wp","href":"https:\/\/api.w.org\/{rel}","templated":true}]}}