{"id":173,"date":"2019-09-04T15:49:06","date_gmt":"2019-09-04T18:49:06","guid":{"rendered":"http:\/\/mediacioncordoba.com\/?page_id=173"},"modified":"2019-09-04T15:51:27","modified_gmt":"2019-09-04T18:51:27","slug":"preguntas-frecuentes-2","status":"publish","type":"page","link":"https:\/\/mediacioncordoba.com\/index.php\/preguntas-frecuentes-2\/","title":{"rendered":"Preguntas Frecuentes"},"content":{"rendered":"\n<div class=\"wp-block-themeisle-blocks-advanced-columns has-1-columns has-desktop-equal-layout has-tablet-equal-layout has-mobile-equal-layout has-default-gap has-vertical-unset\" id=\"wp-block-themeisle-blocks-advanced-columns-6b2fb2ba\" style=\"border-width:0px;border-style:solid;border-color:#000000;border-radius:0px;justify-content:unset\"><div class=\"wp-themeisle-block-overlay\" style=\"opacity:0.5;mix-blend-mode:normal\"><\/div><div class=\"innerblocks-wrap\">\n<div class=\"wp-block-themeisle-blocks-advanced-column\" id=\"wp-block-themeisle-blocks-advanced-column-d4b7a610\" style=\"border-width:0px;border-style:solid;border-color:#000000;border-radius:0px\">\n<p><strong>1) \u00bfQue es la mediaci\u00f3n?<\/strong><\/p>\n\n\n\n<p>Es un m\u00e9todo que permite resolver los conflictos de manera pac\u00edfica a trav\u00e9s del dialogo y la negociaci\u00f3n con ayuda de mediadores quienes utilizan t\u00e9cnicas especializadas para facilitar la comunicaci\u00f3n entre las partes y resolver el conflicto. El abogado tiene una participaci\u00f3n muy importante en la confecci\u00f3n y control jur\u00eddico del acuerdo.<\/p>\n\n\n\n<p><strong>2)&nbsp;\u00bfPor qu\u00e9 tenemos que recurrir a ella?<\/strong><\/p>\n\n\n\n<p>Los Estudios Jur\u00eddicos y Abogados como un paso previo al inicio de una demanda deber\u00e1n pasar por el proceso de Mediaci\u00f3n Previa y Obligatoria, que puede realizarse adem\u00e1s del Centro de Mediaci\u00f3n Judicial y Centro P\u00fablico, en Centros Privados como&nbsp;<strong>MEDIAR<\/strong>, con igual validez legal y mayor celeridad<\/p>\n\n\n\n<p><strong>3)&nbsp;\u00bfDe qu\u00e9 tipos de conflicto se trata?<\/strong><\/p>\n\n\n\n<p>Todas las causas que puedan derivar en una acci\u00f3n de derecho privado, antes de presentar la demanda judicial, deber\u00e1n intentar llegar a un acuerdo en un Centro de Mediaci\u00f3n habilitado por la autoridad de Contralor (ver listado de causas comprendidas al final de la p\u00e1gina).<\/p>\n\n\n\n<p><strong>4)&nbsp;Beneficios<\/strong><\/p>\n\n\n\n<p>Da la posibilidad de resolver el conflicto r\u00e1pidamente y gastando menos dinero que en el supuesto de acudir al proceso judicial. A tales fines los honorarios de los abogados se cobran de acuerdo a la ley 9.459, y los de los mediadores, de acuerdo al art. 41 de la ley 10.543, se pueden convenir libremente. Si se llega a un acuerdo se paga el 50% de la tasa de justicia, Caja de Abogados y Colegio de abogados. Si no se llega a un acuerdo, solo se pagan los honorarios m\u00ednimos de los mediadores y del abogado, pero ninguna tasa ni aporte.<\/p>\n\n\n\n<p><strong>5)&nbsp;\u00bfC\u00f3mo iniciar la Mediaci\u00f3n Previa y Obligatoria?<\/strong><\/p>\n\n\n\n<p>Hace un click en la pesta\u00f1a&nbsp;<strong><a href=\"http:\/\/mediacioncordoba.com\/index.php\/inicia-tu-mediacion\/\">\u201cInicia tu Mediaci\u00f3n\u201d<\/a><\/strong>&nbsp;y complet\u00e1 la solicitud. Luego imprim\u00ed 3 juegos, los que deber\u00e1n ser suscritos por el requirente y su abogado. Finalmente, presenta las 3 copias en nuestras oficinas ubicadas en calle Duarte Quir\u00f3s 515 subsuelo de la ciudad de C\u00f3rdoba, y nosotros nos encargaremos de designar los mediadores, fijar la fecha de audiencia y enviar las notificaciones a las partes intervinientes.<\/p>\n\n\n\n<p><strong>6)&nbsp;\u00bfC\u00f3mo es la audiencia de mediaci\u00f3n?<\/strong><\/p>\n\n\n\n<p>Los mediadores en la primera audiencia explicar\u00e1n el procedimiento y reglas a seguir. All\u00ed las partes podr\u00e1n hablar entre si conjuntamente con los letrados patrocinantes. Puede haber todas las reuniones que se necesiten dentro del plazo del proceso de 60 d\u00edas h\u00e1biles. Las audiencias pueden ser conjuntas donde est\u00e1n ambas partes y\/o privada donde los mediadores trabajaran con una sola de las partes. Se pueden convocar a expertos para que emitan un informe.<\/p>\n\n\n\n<p>La comparecencia de las partes y sus letrados es obligatoria a la primera audiencia, caso contrario el inasistente deber\u00e1 pagar una multa de 5 jus persona f\u00edsica y 10 jus persona jur\u00eddica la que ser\u00e1 derivada para su cobro a la Direcci\u00f3n de Mediaci\u00f3n.<\/p>\n\n\n\n<p><strong>7)&nbsp;\u00bfQu\u00e9 pasa si hay acuerdo?<\/strong><\/p>\n\n\n\n<p>Los mediadores confeccionaran el acta de cierre con transcripci\u00f3n del acuerdo que tiene la validez de una sentencia, por lo que las partes est\u00e1n obligadas a cumplirla. El tr\u00e1mite del ingreso en el SUAC estar\u00e1 a cargo de MEDIAR. Cumplido el pago de las tasas y protocolizaci\u00f3n del acta de cierre, se entregar\u00e1 a las partes copia protocolizada del acuerdo.<\/p>\n\n\n\n<p><strong>8)&nbsp;\u00bfY si no hay acuerdo?<\/strong><\/p>\n\n\n\n<p>Se confecciona el acta de cierre y MEDIAR la ingresa en el SUAC y, una vez protocolizada, se otorga el certificado de cumplimiento con el que se podr\u00e1 iniciar la acci\u00f3n judicial.<\/p>\n\n\n\n<p><strong>9)&nbsp;Beneficios que otorga MEDIAR a los Estudios Jur\u00eddicos<\/strong><\/p>\n\n\n\n<p>Facilitar el llenado de la solicitud de mediaci\u00f3n en forma on line, e ingresarlo junto con los dem\u00e1s tr\u00e1mites al SUAC. Notificarle electr\u00f3nicamente su fecha de audiencia y ocuparse de las dem\u00e1s notificaciones. Confecciona la boleta\u00a0de\u00a0 pago de la Tasa de Justicia, Aportes de la Caja y Colegio de Abogados. En caso de ingresar varias causas, se fijan la mismas \u2013a pedido del requirente- en el mismo d\u00eda y horas sucesivas.<\/p>\n\n\n\n<div class=\"wp-block-image\"><figure class=\"aligncenter\"><img loading=\"lazy\" width=\"419\" height=\"175\" src=\"http:\/\/mediacioncordoba.com\/wp-content\/uploads\/2019\/08\/membrete-3.jpg\" alt=\"\" class=\"wp-image-44\" srcset=\"https:\/\/mediacioncordoba.com\/wp-content\/uploads\/2019\/08\/membrete-3.jpg 419w, https:\/\/mediacioncordoba.com\/wp-content\/uploads\/2019\/08\/membrete-3-300x125.jpg 300w\" sizes=\"(max-width: 419px) 100vw, 419px\" \/><\/figure><\/div>\n<\/div>\n<\/div><\/div>\n","protected":false},"excerpt":{"rendered":"","protected":false},"author":1,"featured_media":0,"parent":0,"menu_order":0,"comment_status":"closed","ping_status":"closed","template":"","meta":[],"_links":{"self":[{"href":"https:\/\/mediacioncordoba.com\/index.php\/wp-json\/wp\/v2\/pages\/173"}],"collection":[{"href":"https:\/\/mediacioncordoba.com\/index.php\/wp-json\/wp\/v2\/pages"}],"about":[{"href":"https:\/\/mediacioncordoba.com\/index.php\/wp-json\/wp\/v2\/types\/page"}],"author":[{"embeddable":true,"href":"https:\/\/mediacioncordoba.com\/index.php\/wp-json\/wp\/v2\/users\/1"}],"replies":[{"embeddable":true,"href":"https:\/\/mediacioncordoba.com\/index.php\/wp-json\/wp\/v2\/comments?post=173"}],"version-history":[{"count":4,"href":"https:\/\/mediacioncordoba.com\/index.php\/wp-json\/wp\/v2\/pages\/173\/revisions"}],"predecessor-version":[{"id":406,"href":"https:\/\/mediacioncordoba.com\/index.php\/wp-json\/wp\/v2\/pages\/173\/revisions\/406"}],"wp:attachment":[{"href":"https:\/\/mediacioncordoba.com\/index.php\/wp-json\/wp\/v2\/media?parent=173"}],"curies":[{"name":"wp","href":"https:\/\/api.w.org\/{rel}","templated":true}]}}