{"id":180,"date":"2019-09-04T15:53:19","date_gmt":"2019-09-04T18:53:19","guid":{"rendered":"http:\/\/mediacioncordoba.com\/?page_id=180"},"modified":"2019-09-04T15:53:19","modified_gmt":"2019-09-04T18:53:19","slug":"nomenclador-de-causas","status":"publish","type":"page","link":"https:\/\/mediacioncordoba.com\/index.php\/nomenclador-de-causas\/","title":{"rendered":"NOMENCLADOR DE CAUSAS"},"content":{"rendered":"\n<h4 id=\"wp-block-themeisle-blocks-advanced-heading-317a663c\" class=\"wp-block-themeisle-blocks-advanced-heading wp-block-themeisle-blocks-advanced-heading-317a663c\" style=\"color:#000000;font-style:normal;text-transform:none\"><strong> Juicios sometidos a mediaci\u00f3n prejudicial obligatoria:<\/strong><\/h4>\n\n\n\n<hr class=\"wp-block-separator\"\/>\n\n\n\n<div class=\"wp-container-3 wp-block-columns has-2-columns\">\n<div class=\"wp-container-1 wp-block-column\">\n<ul><li>Abreviado<\/li><li>Abreviado, cobro de pesos, mutuo, tarjeta<br> de cr\u00e9dito.<\/li><li>Abreviado, consignaci\u00f3n, consignaci\u00f3n de<br> alquileres.<\/li><li>Abreviado, cumplimiento\/resoluci\u00f3n de<br> contrato.<\/li><li>Abreviado, da\u00f1os y perjuicios. Accidentes<br> de tr\u00e1nsito.<\/li><li>Abreviado, da\u00f1os y perjuicios, mala<br> praxis.<\/li><li>Abreviado, da\u00f1os y perjuicios, otras<br> formas de responsabilidad extracontractual.<\/li><li>Abreviado, fijaci\u00f3n de plazo.<\/li><li>Abreviado, regulaci\u00f3n de honorarios.<\/li><li>Abreviado, repetici\u00f3n.<\/li><li>Acci\u00f3n de colaci\u00f3n.<\/li><li>Acci\u00f3n declarativa de certeza.<\/li><li>Acci\u00f3n ordinaria, acci\u00f3n de<br> responsabilidad.<\/li><li>Acci\u00f3n ordinaria, acci\u00f3n de simulaci\u00f3n.<\/li><li>Acci\u00f3n ordinaria, acci\u00f3n de Revocatoria<br> Pauliana.<\/li><li>Acci\u00f3n ordinaria, otras.<\/li><li>Acciones posesorias\/reales, despojo.<\/li><\/ul>\n\n\n\n<p><\/p>\n<\/div>\n\n\n\n<div class=\"wp-container-2 wp-block-column\">\n<ul><li> Acciones posesorias\/reales,<br> mantener\/recobrar la posesi\u00f3n.<\/li><li>Acciones posesorias\/reales, obra nueva. <\/li><li>Acciones posesorias\/reales,<br> reivindicaci\u00f3n.<\/li><li>Alimentos, r\u00e9gimen comunicacional.<\/li><li>Arbitral.<\/li><li>Compensaci\u00f3n econ\u00f3mica.<\/li><li>Declarativo.<\/li><li>Divisi\u00f3n de condominio.<\/li><li>Expropiaci\u00f3n.<\/li><li>Mensura, simple mensura y deslinde.<\/li><li>Ordinario.<\/li><li>Ordinario, c onsignaci\u00f3n<\/li><li>Ordinario, cumplimiento\/resoluci\u00f3n de<br> contrato.<\/li><li>Ordinario, da\u00f1os y perjuicios, mala praxis.<\/li><li>Ordinario, otras formas de<br> responsabilidad extracontractual.<\/li><li>Ordinario, escrituraci\u00f3n.<\/li><li>Ordinario, repetici\u00f3n.<\/li><li>Ordinario, simulaci\u00f3n\/fraude\/nulidad.<\/li><li>Ordinario, transferencia de automotor.<\/li><li>Regulaci\u00f3n de honorarios.<\/li><li>Rendici\u00f3n de cuentas.<br><\/li><\/ul>\n\n\n\n<p><\/p>\n<\/div>\n<\/div>\n\n\n\n<div class=\"wp-block-image\"><figure class=\"aligncenter\"><img loading=\"lazy\" width=\"419\" height=\"139\" src=\"http:\/\/mediacioncordoba.com\/wp-content\/uploads\/2019\/08\/membrete-2.jpg\" alt=\"\" class=\"wp-image-8\" srcset=\"https:\/\/mediacioncordoba.com\/wp-content\/uploads\/2019\/08\/membrete-2.jpg 419w, https:\/\/mediacioncordoba.com\/wp-content\/uploads\/2019\/08\/membrete-2-300x100.jpg 300w\" sizes=\"(max-width: 419px) 100vw, 419px\" \/><\/figure><\/div>\n","protected":false},"excerpt":{"rendered":"<p>Abreviado Abreviado, cobro de pesos, mutuo, tarjeta de cr\u00e9dito. Abreviado, consignaci\u00f3n, consignaci\u00f3n de alquileres. Abreviado, cumplimiento\/resoluci\u00f3n de contrato. Abreviado, da\u00f1os y perjuicios. Accidentes de tr\u00e1nsito. Abreviado, da\u00f1os y perjuicios, mala &#8230;<\/p>\n","protected":false},"author":1,"featured_media":0,"parent":0,"menu_order":0,"comment_status":"closed","ping_status":"closed","template":"","meta":[],"_links":{"self":[{"href":"https:\/\/mediacioncordoba.com\/index.php\/wp-json\/wp\/v2\/pages\/180"}],"collection":[{"href":"https:\/\/mediacioncordoba.com\/index.php\/wp-json\/wp\/v2\/pages"}],"about":[{"href":"https:\/\/mediacioncordoba.com\/index.php\/wp-json\/wp\/v2\/types\/page"}],"author":[{"embeddable":true,"href":"https:\/\/mediacioncordoba.com\/index.php\/wp-json\/wp\/v2\/users\/1"}],"replies":[{"embeddable":true,"href":"https:\/\/mediacioncordoba.com\/index.php\/wp-json\/wp\/v2\/comments?post=180"}],"version-history":[{"count":1,"href":"https:\/\/mediacioncordoba.com\/index.php\/wp-json\/wp\/v2\/pages\/180\/revisions"}],"predecessor-version":[{"id":181,"href":"https:\/\/mediacioncordoba.com\/index.php\/wp-json\/wp\/v2\/pages\/180\/revisions\/181"}],"wp:attachment":[{"href":"https:\/\/mediacioncordoba.com\/index.php\/wp-json\/wp\/v2\/media?parent=180"}],"curies":[{"name":"wp","href":"https:\/\/api.w.org\/{rel}","templated":true}]}}