{"id":2,"date":"2019-08-23T13:44:59","date_gmt":"2019-08-23T16:44:59","guid":{"rendered":"http:\/\/mediacioncordoba.com\/?page_id=2"},"modified":"2022-09-09T16:32:01","modified_gmt":"2022-09-09T19:32:01","slug":"iniciatramite","status":"publish","type":"page","link":"https:\/\/mediacioncordoba.com\/","title":{"rendered":"MEDIAR C\u00d3RDOBA"},"content":{"rendered":"\n<div class=\"wp-block-cover aligncenter is-light\"><span aria-hidden=\"true\" class=\"wp-block-cover__background has-background-dim-30 has-background-dim\"><\/span><img loading=\"lazy\" width=\"920\" height=\"854\" class=\"wp-block-cover__image-background wp-image-93\" alt=\"\" src=\"http:\/\/mediacioncordoba.com\/wp-content\/uploads\/2019\/08\/IMG-20190430-WA0004-3.jpg\" style=\"object-position:52% 47%\" data-object-fit=\"cover\" data-object-position=\"52% 47%\" srcset=\"https:\/\/mediacioncordoba.com\/wp-content\/uploads\/2019\/08\/IMG-20190430-WA0004-3.jpg 920w, https:\/\/mediacioncordoba.com\/wp-content\/uploads\/2019\/08\/IMG-20190430-WA0004-3-300x278.jpg 300w, https:\/\/mediacioncordoba.com\/wp-content\/uploads\/2019\/08\/IMG-20190430-WA0004-3-768x713.jpg 768w\" sizes=\"(max-width: 920px) 100vw, 920px\" \/><div class=\"wp-block-cover__inner-container\">\n<div class=\"wp-block-button aligncenter is-style-outline\"><a class=\"wp-block-button__link has-text-color has-background\" href=\"http:\/\/mediacioncordoba.com\/index.php\/inicia-tu-mediacion\/\" style=\"background-color:#016c7e;color:#ffffff\">INICI\u00c1 TU MEDIACI\u00d3N ONLINE<\/a><\/div>\n\n\n\n<div class=\"wp-block-button aligncenter is-style-outline\"><a class=\"wp-block-button__link has-text-color has-background\" href=\"http:\/\/mediacioncordoba.com\/index.php\/formacion-academica-2\/\" style=\"background-color:#016c7e;color:#ffffff\">FORMACI\u00d3N ACAD\u00c9MICA<\/a><\/div>\n\n\n\n<div class=\"wp-block-button aligncenter is-style-outline\"><a class=\"wp-block-button__link has-text-color has-background\" href=\"http:\/\/mediacioncordoba.com\/index.php\/preguntas-frecuentes\/\" style=\"background-color:#016c7e;color:#ffffff\">PREGUNTAS FRECUENTES<\/a><\/div>\n\n\n\n<div class=\"wp-block-button aligncenter is-style-outline\"><a class=\"wp-block-button__link has-very-light-gray-color has-text-color has-background\" href=\"http:\/\/mediacioncordoba.com\/index.php\/honorarios\/\" style=\"background-color:#016c7e\">HONORARIOS Y COSTOS<\/a><\/div>\n\n\n\n<p><\/p>\n<\/div><\/div>\n\n\n\n<p><\/p>\n\n\n\n<p>En el marco de la vigencia de la Ley provincial de Mediaci\u00f3n Prejudicial Obligatoria N\u00ba10.543, el proceso de mediaci\u00f3n constituye una instancia obligatoria previa al inicio de actuaciones judiciales, sin perjuicio de que todo tipo de controversia entre particulares puede ser sometida voluntariamente ante mediadores habilitados, como recurso eficaz de autogesti\u00f3n de los conflictos.<\/p>\n\n\n\n<hr class=\"wp-block-separator has-css-opacity\"\/>\n\n\n\n<div class=\"wp-container-3 wp-block-columns\">\n<div class=\"wp-container-1 wp-block-column\">\n<h6>n\u00f3mina de mediadores<\/h6>\n\n\n\n<p>GAMBONE, M. Lucrecia &#8211; M.P. 638 &#8211; <em>Directora<\/em><br>BIAIN, Mariu &#8211; M.P. 430<br>CAMPOD\u00d3NICO, Manuel &#8211; M.P. 668<br>CARRANZA TORRES, Silvia &#8211; M.P. 735<br>CERVIGNI, Marianela &#8211; M.P. 1385<br>GAMBONE, M. Florencia &#8211; M.P. 1337<br>GIULIANO MAY\u00d3N, Carolina &#8211; M.P. 957<br>GULLI, Ivana &#8211; M.P. 583<br>MART\u00cdN, Georgina &#8211; M.P. 640<br>SARETTI, Estefan\u00eda &#8211; M.P. 1051<br>TARCA, Mariel &#8211; M.P. 699<\/p>\n<\/div>\n\n\n\n<div class=\"wp-container-2 wp-block-column\">\n<h6>nuestros formadores<\/h6>\n\n\n\n<p>GAMBONE, M. Lucrecia &#8211; <em>Responsable Docente<\/em><br>BIAIN, Mariu<br>CAMPOD\u00d3NICO, Manuel<br>GULLI, Ivana<br>MARTIN, Georgina<br>MERLINO, M\u00f3nica<br>N\u00c1GERA, Jer\u00f3nimo<br>TARCA, Mariel<br><\/p>\n<\/div>\n<\/div>\n\n\n\n<hr class=\"wp-block-separator has-css-opacity\"\/>\n\n\n<div class=\"wp-block-image\">\n<figure class=\"aligncenter is-resized\"><img loading=\"lazy\" src=\"http:\/\/mediacioncordoba.com\/wp-content\/uploads\/2019\/08\/membrete-1.jpg\" alt=\"\" class=\"wp-image-42\" width=\"419\" height=\"184\" srcset=\"https:\/\/mediacioncordoba.com\/wp-content\/uploads\/2019\/08\/membrete-1.jpg 419w, https:\/\/mediacioncordoba.com\/wp-content\/uploads\/2019\/08\/membrete-1-300x132.jpg 300w\" sizes=\"(max-width: 419px) 100vw, 419px\" \/><\/figure><\/div>","protected":false},"excerpt":{"rendered":"<p>En el marco de la vigencia de la Ley provincial de Mediaci\u00f3n Prejudicial Obligatoria N\u00ba10.543, el proceso de mediaci\u00f3n constituye una instancia obligatoria previa al inicio de actuaciones judiciales, sin &#8230;<\/p>\n","protected":false},"author":1,"featured_media":8,"parent":0,"menu_order":0,"comment_status":"closed","ping_status":"closed","template":"","meta":[],"_links":{"self":[{"href":"https:\/\/mediacioncordoba.com\/index.php\/wp-json\/wp\/v2\/pages\/2"}],"collection":[{"href":"https:\/\/mediacioncordoba.com\/index.php\/wp-json\/wp\/v2\/pages"}],"about":[{"href":"https:\/\/mediacioncordoba.com\/index.php\/wp-json\/wp\/v2\/types\/page"}],"author":[{"embeddable":true,"href":"https:\/\/mediacioncordoba.com\/index.php\/wp-json\/wp\/v2\/users\/1"}],"replies":[{"embeddable":true,"href":"https:\/\/mediacioncordoba.com\/index.php\/wp-json\/wp\/v2\/comments?post=2"}],"version-history":[{"count":77,"href":"https:\/\/mediacioncordoba.com\/index.php\/wp-json\/wp\/v2\/pages\/2\/revisions"}],"predecessor-version":[{"id":430,"href":"https:\/\/mediacioncordoba.com\/index.php\/wp-json\/wp\/v2\/pages\/2\/revisions\/430"}],"wp:featuredmedia":[{"embeddable":true,"href":"https:\/\/mediacioncordoba.com\/index.php\/wp-json\/wp\/v2\/media\/8"}],"wp:attachment":[{"href":"https:\/\/mediacioncordoba.com\/index.php\/wp-json\/wp\/v2\/media?parent=2"}],"curies":[{"name":"wp","href":"https:\/\/api.w.org\/{rel}","templated":true}]}}