{"id":203,"date":"2019-09-04T16:35:13","date_gmt":"2019-09-04T19:35:13","guid":{"rendered":"http:\/\/mediacioncordoba.com\/?page_id=203"},"modified":"2019-09-04T16:35:13","modified_gmt":"2019-09-04T19:35:13","slug":"tutorial-tasa-retributiva","status":"publish","type":"page","link":"https:\/\/mediacioncordoba.com\/index.php\/tutorial-tasa-retributiva\/","title":{"rendered":"Tutorial Tasa Retributiva"},"content":{"rendered":"\n<hr class=\"wp-block-separator\"\/>\n\n\n\n<h4><strong>Paso 1<\/strong>. Ingresar a <a href=\"http:\/\/trs.cba.gov.ar\">http:\/\/trs.cba.gov.ar<\/a> y hacer click en BUSCADOR DE TASAS <\/h4>\n\n\n\n<figure class=\"wp-block-image\"><img loading=\"lazy\" width=\"1024\" height=\"465\" src=\"http:\/\/mediacioncordoba.com\/wp-content\/uploads\/2019\/09\/retributiva-1-1024x465.png\" alt=\"\" class=\"wp-image-204\" srcset=\"https:\/\/mediacioncordoba.com\/wp-content\/uploads\/2019\/09\/retributiva-1-1024x465.png 1024w, https:\/\/mediacioncordoba.com\/wp-content\/uploads\/2019\/09\/retributiva-1-300x136.png 300w, https:\/\/mediacioncordoba.com\/wp-content\/uploads\/2019\/09\/retributiva-1-768x349.png 768w, https:\/\/mediacioncordoba.com\/wp-content\/uploads\/2019\/09\/retributiva-1.png 1366w\" sizes=\"(max-width: 1024px) 100vw, 1024px\" \/><\/figure>\n\n\n\n<hr class=\"wp-block-separator\"\/>\n\n\n\n<h4><strong>Paso 2.<\/strong> En el campo de b\u00fasqueda, ingresar \u201cprotocolizaci\u00f3n\u201d y seleccionar \u201cProtocolizaci\u00f3n de actas de cierre en instancia de mediaci\u00f3n prejudicial obligatoria\u201d <\/h4>\n\n\n\n<figure class=\"wp-block-image\"><img loading=\"lazy\" width=\"1024\" height=\"466\" src=\"http:\/\/mediacioncordoba.com\/wp-content\/uploads\/2019\/09\/retributiva-2-1024x466.png\" alt=\"\" class=\"wp-image-205\" srcset=\"https:\/\/mediacioncordoba.com\/wp-content\/uploads\/2019\/09\/retributiva-2-1024x466.png 1024w, https:\/\/mediacioncordoba.com\/wp-content\/uploads\/2019\/09\/retributiva-2-300x137.png 300w, https:\/\/mediacioncordoba.com\/wp-content\/uploads\/2019\/09\/retributiva-2-768x350.png 768w, https:\/\/mediacioncordoba.com\/wp-content\/uploads\/2019\/09\/retributiva-2.png 1366w\" sizes=\"(max-width: 1024px) 100vw, 1024px\" \/><\/figure>\n\n\n\n<hr class=\"wp-block-separator\"\/>\n\n\n\n<h4><strong>Paso 3. <\/strong>Ingresar el n\u00famero de DNI del contribuyente y hacer click en Obtener. (Si se accede al portal desde Ciudadano Digital, esta informaci\u00f3n se completa de manera autom\u00e1tica) <\/h4>\n\n\n\n<figure class=\"wp-block-image\"><img loading=\"lazy\" width=\"1024\" height=\"465\" src=\"http:\/\/mediacioncordoba.com\/wp-content\/uploads\/2019\/09\/retributiva-3-1024x465.png\" alt=\"\" class=\"wp-image-206\" srcset=\"https:\/\/mediacioncordoba.com\/wp-content\/uploads\/2019\/09\/retributiva-3-1024x465.png 1024w, https:\/\/mediacioncordoba.com\/wp-content\/uploads\/2019\/09\/retributiva-3-300x136.png 300w, https:\/\/mediacioncordoba.com\/wp-content\/uploads\/2019\/09\/retributiva-3-768x349.png 768w, https:\/\/mediacioncordoba.com\/wp-content\/uploads\/2019\/09\/retributiva-3.png 1366w\" sizes=\"(max-width: 1024px) 100vw, 1024px\" \/><\/figure>\n\n\n\n<hr class=\"wp-block-separator\"\/>\n\n\n\n<h4><strong>Paso 4.<\/strong> Completar la informaci\u00f3n correspondiente, hacer click en Generar e imprimir el comprobante para su pago. Expediente: ingresar n\u00famero de sticker SUAC Email: ingresar correo electr\u00f3nico Importe: ingresar el monto de la Tasa. <\/h4>\n\n\n\n<figure class=\"wp-block-image\"><img loading=\"lazy\" width=\"1024\" height=\"456\" src=\"http:\/\/mediacioncordoba.com\/wp-content\/uploads\/2019\/09\/retributiva-4-1024x456.png\" alt=\"\" class=\"wp-image-207\" srcset=\"https:\/\/mediacioncordoba.com\/wp-content\/uploads\/2019\/09\/retributiva-4-1024x456.png 1024w, https:\/\/mediacioncordoba.com\/wp-content\/uploads\/2019\/09\/retributiva-4-300x134.png 300w, https:\/\/mediacioncordoba.com\/wp-content\/uploads\/2019\/09\/retributiva-4-768x342.png 768w, https:\/\/mediacioncordoba.com\/wp-content\/uploads\/2019\/09\/retributiva-4.png 1366w\" sizes=\"(max-width: 1024px) 100vw, 1024px\" \/><\/figure>\n\n\n\n<hr class=\"wp-block-separator\"\/>\n\n\n\n<div class=\"wp-block-image\"><figure class=\"aligncenter\"><img loading=\"lazy\" width=\"419\" height=\"175\" src=\"http:\/\/mediacioncordoba.com\/wp-content\/uploads\/2019\/09\/membrete-3.jpg\" alt=\"\" class=\"wp-image-169\" srcset=\"https:\/\/mediacioncordoba.com\/wp-content\/uploads\/2019\/09\/membrete-3.jpg 419w, https:\/\/mediacioncordoba.com\/wp-content\/uploads\/2019\/09\/membrete-3-300x125.jpg 300w\" sizes=\"(max-width: 419px) 100vw, 419px\" \/><\/figure><\/div>\n","protected":false},"excerpt":{"rendered":"<p>Paso 1. Ingresar a http:\/\/trs.cba.gov.ar y hacer click en BUSCADOR DE TASAS Paso 2. En el campo de b\u00fasqueda, ingresar \u201cprotocolizaci\u00f3n\u201d y seleccionar \u201cProtocolizaci\u00f3n de actas de cierre en instancia &#8230;<\/p>\n","protected":false},"author":1,"featured_media":0,"parent":0,"menu_order":0,"comment_status":"closed","ping_status":"closed","template":"","meta":[],"_links":{"self":[{"href":"https:\/\/mediacioncordoba.com\/index.php\/wp-json\/wp\/v2\/pages\/203"}],"collection":[{"href":"https:\/\/mediacioncordoba.com\/index.php\/wp-json\/wp\/v2\/pages"}],"about":[{"href":"https:\/\/mediacioncordoba.com\/index.php\/wp-json\/wp\/v2\/types\/page"}],"author":[{"embeddable":true,"href":"https:\/\/mediacioncordoba.com\/index.php\/wp-json\/wp\/v2\/users\/1"}],"replies":[{"embeddable":true,"href":"https:\/\/mediacioncordoba.com\/index.php\/wp-json\/wp\/v2\/comments?post=203"}],"version-history":[{"count":1,"href":"https:\/\/mediacioncordoba.com\/index.php\/wp-json\/wp\/v2\/pages\/203\/revisions"}],"predecessor-version":[{"id":208,"href":"https:\/\/mediacioncordoba.com\/index.php\/wp-json\/wp\/v2\/pages\/203\/revisions\/208"}],"wp:attachment":[{"href":"https:\/\/mediacioncordoba.com\/index.php\/wp-json\/wp\/v2\/media?parent=203"}],"curies":[{"name":"wp","href":"https:\/\/api.w.org\/{rel}","templated":true}]}}