{"id":31,"date":"2019-08-23T15:41:31","date_gmt":"2019-08-23T18:41:31","guid":{"rendered":"http:\/\/mediacioncordoba.com\/?page_id=31"},"modified":"2022-09-09T16:52:31","modified_gmt":"2022-09-09T19:52:31","slug":"inicia-tu-mediacion","status":"publish","type":"page","link":"https:\/\/mediacioncordoba.com\/index.php\/inicia-tu-mediacion\/","title":{"rendered":"INICI\u00c1 TU MEDIACI\u00d3N"},"content":{"rendered":"\n<hr class=\"wp-block-separator has-css-opacity\"\/>\n\n\n\n<p>En MEDIAR te ofrecemos un exclusivo y novedoso sistema inform\u00e1tico en el que podr\u00e1s revisar cuando desees la agenda de tus audiencias de mediaci\u00f3n. Adem\u00e1s vas a poder descargar los datos de tu formulario de mediaci\u00f3n en formato PDF a los fines de enviarlo con mayor facilidad a trav\u00e9s del CiDi.<\/p>\n\n\n\n<p><strong>Si ya conoces el sistema acced\u00e9 al mismo en el haciendo <\/strong><a href=\"http:\/\/sistema.mediacioncordoba.com\"><strong>click aqu\u00ed<\/strong><\/a><strong>.<\/strong> Si ingresas por primera vez o ten\u00e9s alguna duda segu\u00ed leyendo. <\/p>\n\n\n<div class=\"wp-block-image\">\n<figure class=\"aligncenter\"><img loading=\"lazy\" width=\"419\" height=\"184\" src=\"http:\/\/mediacioncordoba.com\/wp-content\/uploads\/2019\/08\/membrete-1.jpg\" alt=\"\" class=\"wp-image-42\" srcset=\"https:\/\/mediacioncordoba.com\/wp-content\/uploads\/2019\/08\/membrete-1.jpg 419w, https:\/\/mediacioncordoba.com\/wp-content\/uploads\/2019\/08\/membrete-1-300x132.jpg 300w\" sizes=\"(max-width: 419px) 100vw, 419px\" \/><\/figure><\/div>\n\n\n<h3>PROCEDIMIENTO PARA SOLICITUD DE MEDIACIONES ON LINE<\/h3>\n\n\n\n<p><strong>A. INICIAR TR\u00c1MITE<\/strong><\/p>\n\n\n\n<p>Deber\u00e1 ingresar a la cuenta de Ciudadano Digital del Gobierno de la Provincia de C\u00f3rdoba (CiDi) con los datos de Usuario y Contrase\u00f1a del iniciador. All\u00ed deber\u00e1 seleccionar el &#8220;<em>Tr\u00e1mite multinota del Gobierno de la Provincia&#8221;<\/em>, donde los datos del iniciador figuran precargados. <\/p>\n\n\n\n<figure class=\"wp-block-image size-large\"><img loading=\"lazy\" width=\"1024\" height=\"576\" src=\"https:\/\/mediacioncordoba.com\/wp-content\/uploads\/2022\/09\/image-1024x576.png\" alt=\"\" class=\"wp-image-433\" srcset=\"https:\/\/mediacioncordoba.com\/wp-content\/uploads\/2022\/09\/image-1024x576.png 1024w, https:\/\/mediacioncordoba.com\/wp-content\/uploads\/2022\/09\/image-300x169.png 300w, https:\/\/mediacioncordoba.com\/wp-content\/uploads\/2022\/09\/image-768x432.png 768w, https:\/\/mediacioncordoba.com\/wp-content\/uploads\/2022\/09\/image.png 1366w\" sizes=\"(max-width: 1024px) 100vw, 1024px\" \/><\/figure>\n\n\n\n<p><\/p>\n\n\n\n<p>Si comienza un nuevo tramite debe seleccionar la opci\u00f3n &#8220;NO&#8221; cuando el sistema consulta si desea relacionarlo con un tr\u00e1mite ya existente. Para todas aquellas presentaciones que realice a posterior con relaci\u00f3n al tr\u00e1mite original, deber\u00e1 seleccionar la opci\u00f3n &#8220;S\u00cd&#8221; y consignar el n\u00famero de tr\u00e1mite original y adjuntar toda la documental.<\/p>\n\n\n\n<p>Finalizada la carga debe hacer click en &#8220;SIGUIENTE&#8221;<\/p>\n\n\n\n<p><strong>B. TR\u00c1MITE<\/strong><\/p>\n\n\n\n<p>Al ingresar al CiDi debe iniciar un &#8220;<em>Tr\u00e1mite Multinota del Gobierno de la Provincia&#8221;. <\/em>Luego deber\u00e1 seleccionar la repartici\u00f3n donde iniciar\u00e1 el tr\u00e1mite, seleccionado entre las opciones precargadas la siguiente &#8220;<em>MINISTERIO DE JUSTICIA Y DERECHOS HUMANOS&#8221;<\/em>. <\/p>\n\n\n\n<p>En el asunto deber\u00e1 indicar: &#8220;<em>Solicitud de Mediaci\u00f3n Prejudicial Obligatoria&#8221;.<\/em><\/p>\n\n\n\n<p>En los comentarios deber\u00e1 redactar una breve nota consignando el centro elegido, las partes, hechos y objeto de la Mediaci\u00f3n. <\/p>\n\n\n\n<figure class=\"wp-block-image size-large\"><img loading=\"lazy\" width=\"1024\" height=\"576\" src=\"https:\/\/mediacioncordoba.com\/wp-content\/uploads\/2022\/09\/image-1-1024x576.png\" alt=\"\" class=\"wp-image-434\" srcset=\"https:\/\/mediacioncordoba.com\/wp-content\/uploads\/2022\/09\/image-1-1024x576.png 1024w, https:\/\/mediacioncordoba.com\/wp-content\/uploads\/2022\/09\/image-1-300x169.png 300w, https:\/\/mediacioncordoba.com\/wp-content\/uploads\/2022\/09\/image-1-768x432.png 768w, https:\/\/mediacioncordoba.com\/wp-content\/uploads\/2022\/09\/image-1.png 1366w\" sizes=\"(max-width: 1024px) 100vw, 1024px\" \/><\/figure>\n\n\n\n<p>Una vez completados todos los campos deber\u00e1 hacer click en &#8220;SIGUIENTE&#8221;.<\/p>\n\n\n\n<p><\/p>\n\n\n\n<p><strong>C. ANEXO<\/strong><\/p>\n\n\n\n<p>En la pesta\u00f1a de Anexos deber\u00e1 cargar toda la documentaci\u00f3n necesaria. All\u00ed debe hacer click en &#8220;Seleccionar Archivo&#8221;, buscar el archivo guardado en su computadora, seleccionarlo y luego hacer click en donde dice &#8220;Subir Archivo&#8221;.  <\/p>\n\n\n\n<p>All\u00ed deber\u00e1 incorporar el Formulario de Solicitud Mecanografiado y dem\u00e1s documentaci\u00f3n de Ley (Ej.: Carnet de Matr\u00edcula Profesional del Abogado, DNI del Abogado, DNI del requirente, etc.). Todos estos, <strong>escaneados o sus fotograf\u00edas de lado anverso y reverso<\/strong>, en formato <strong>PDF<\/strong>.\u00a0 \u00a0<\/p>\n\n\n\n<p>Record\u00e1 que al <a href=\"http:\/\/sistema.mediacioncordoba.com\/\">formulario pod\u00e9s completarlo desde nuestra web<\/a> y luego descargarlo desde all\u00ed mismo en formato PDF.<\/p>\n\n\n\n<p><strong>D. CONFIRMACI\u00d3N<\/strong><\/p>\n\n\n\n<p>En la \u00faltima pesta\u00f1a se deber\u00e1 confirmar el tr\u00e1mite verificando que todos los datos y la documental adjunta sean correctos. Al confirmar el mismo el sistema le arrojar\u00e1 un N\u00famero de Sticker a trav\u00e9s del cual podr\u00e1 consultar tr\u00e1mites y hacer el seguimiento del mismo.<\/p>\n\n\n\n<p>Record\u00e1 descargar el Sticker y guardarlo en tu computadora, ya que lo necesitar\u00e1s para completar el tr\u00e1mite de solicitud en nuestro centro. <\/p>\n\n\n\n<figure class=\"wp-block-image size-large\"><img loading=\"lazy\" width=\"1024\" height=\"576\" src=\"https:\/\/mediacioncordoba.com\/wp-content\/uploads\/2022\/09\/image-2-1024x576.png\" alt=\"\" class=\"wp-image-435\" srcset=\"https:\/\/mediacioncordoba.com\/wp-content\/uploads\/2022\/09\/image-2-1024x576.png 1024w, https:\/\/mediacioncordoba.com\/wp-content\/uploads\/2022\/09\/image-2-300x169.png 300w, https:\/\/mediacioncordoba.com\/wp-content\/uploads\/2022\/09\/image-2-768x432.png 768w, https:\/\/mediacioncordoba.com\/wp-content\/uploads\/2022\/09\/image-2.png 1366w\" sizes=\"(max-width: 1024px) 100vw, 1024px\" \/><\/figure>\n\n\n\n<p><\/p>\n\n\n\n<figure class=\"wp-block-image size-large\"><img loading=\"lazy\" width=\"1024\" height=\"576\" src=\"https:\/\/mediacioncordoba.com\/wp-content\/uploads\/2022\/09\/image-3-1024x576.png\" alt=\"\" class=\"wp-image-436\" srcset=\"https:\/\/mediacioncordoba.com\/wp-content\/uploads\/2022\/09\/image-3-1024x576.png 1024w, https:\/\/mediacioncordoba.com\/wp-content\/uploads\/2022\/09\/image-3-300x169.png 300w, https:\/\/mediacioncordoba.com\/wp-content\/uploads\/2022\/09\/image-3-768x432.png 768w, https:\/\/mediacioncordoba.com\/wp-content\/uploads\/2022\/09\/image-3.png 1366w\" sizes=\"(max-width: 1024px) 100vw, 1024px\" \/><\/figure>\n\n\n\n<p><\/p>\n\n\n\n<p><strong>E. SOLICITUD EN CENTRO PRIVADO MEDIAR<\/strong><\/p>\n\n\n\n<p>Por \u00faltimo deber\u00e1 enviar un correo a mediarcordoba@gmail.com. En el ASUNTO deber\u00e1 consignar el N\u00famero de Sticker obtenido, el nombre y apellido de las partes. Tambi\u00e9n debe contener adjunto el Formulario de Solicitud de Mediaci\u00f3n Prejudicial.<\/p>\n\n\n\n<p>Record\u00e1 que por ley las mediaciones deben asignarse de manera presencial. En caso de tener un motivo suficiente conforme el Art. 20 de la Ley N\u00b0 10.543, deber\u00e1 solicitar su mediaci\u00f3n virtual aduciendo los motivos pertinentes. <\/p>\n\n\n\n<div style=\"height:28px\" aria-hidden=\"true\" class=\"wp-block-spacer\"><\/div>\n\n\n\n<h5 class=\"has-text-align-center\">\u00a1<strong>MUCHAS GRACIAS POR ELEGIRNOS<\/strong>!<\/h5>\n\n\n\n<h6 class=\"has-text-align-center\"><strong>ESTAMOS A&nbsp; SU DISPOSICI\u00d3N POR CUALQUIER CONSULTA<\/strong><\/h6>\n\n\n\n<h6 class=\"has-text-align-center\"><strong>CONTACTO:<\/strong><\/h6>\n\n\n\n<div class=\"wp-container-3 wp-block-columns\">\n<div class=\"wp-container-1 wp-block-column\">\n<p class=\"has-text-align-center\">0351- 155507953 (Centro de Mediaci\u00f3n MEDIAR)<\/p>\n\n\n\n<p class=\"has-text-align-center\">E-Mail<strong>:<\/strong> mediarcordoba@gmail.com<\/p>\n<\/div>\n\n\n\n<div class=\"wp-container-2 wp-block-column\">\n<p class=\"has-text-align-center\">0351-157051854 (Directora \u2013 Lic. Mar\u00eda Lucrecia Gambone)<\/p>\n<\/div>\n<\/div>\n\n\n<div class=\"wp-block-image\">\n<figure class=\"aligncenter\"><img loading=\"lazy\" width=\"419\" height=\"184\" src=\"http:\/\/mediacioncordoba.com\/wp-content\/uploads\/2019\/08\/membrete-1.jpg\" alt=\"\" class=\"wp-image-42\" srcset=\"https:\/\/mediacioncordoba.com\/wp-content\/uploads\/2019\/08\/membrete-1.jpg 419w, https:\/\/mediacioncordoba.com\/wp-content\/uploads\/2019\/08\/membrete-1-300x132.jpg 300w\" sizes=\"(max-width: 419px) 100vw, 419px\" \/><\/figure><\/div>\n\n\n<h3>TUTORIAL PARA COMPLETAR Y DESCARGAR FORMULARIO<\/h3>\n\n\n\n<p>Para solicitar tu audiencia de mediaci\u00f3n deber\u00e1s realizar los siguientes pasos:<\/p>\n\n\n\n<h4 class=\"has-text-align-center\"><strong>Paso 1:<\/strong><\/h4>\n\n\n<div class=\"wp-block-image\">\n<figure class=\"aligncenter\"><img loading=\"lazy\" width=\"1024\" height=\"545\" src=\"http:\/\/mediacioncordoba.com\/wp-content\/uploads\/2019\/10\/Anotaci\u00f3n-2019-10-23-150834-1024x545.png\" alt=\"\" class=\"wp-image-232\" srcset=\"https:\/\/mediacioncordoba.com\/wp-content\/uploads\/2019\/10\/Anotaci\u00f3n-2019-10-23-150834-1024x545.png 1024w, https:\/\/mediacioncordoba.com\/wp-content\/uploads\/2019\/10\/Anotaci\u00f3n-2019-10-23-150834-300x160.png 300w, https:\/\/mediacioncordoba.com\/wp-content\/uploads\/2019\/10\/Anotaci\u00f3n-2019-10-23-150834-768x409.png 768w, https:\/\/mediacioncordoba.com\/wp-content\/uploads\/2019\/10\/Anotaci\u00f3n-2019-10-23-150834.png 1366w\" sizes=\"(max-width: 1024px) 100vw, 1024px\" \/><figcaption>Ingres\u00e1 al link que encontrar\u00e1s al final de la p\u00e1gina y acced\u00e9 al sistema con tu nombre de usuario y contrase\u00f1a.<br>Si ingresas por primera vez deber\u00e1s registrarte como usuario. Tendr\u00e1s que elegir un nombre de usuario e ingresar una direcci\u00f3n de correo electr\u00f3nico, donde te llegar\u00e1 un e-mail para activar tu cuenta.<\/figcaption><\/figure><\/div>\n\n\n<hr class=\"wp-block-separator has-css-opacity\"\/>\n\n\n\n<h4 class=\"has-text-align-center\"><strong>Paso 2:<\/strong><\/h4>\n\n\n<div class=\"wp-block-image\">\n<figure class=\"aligncenter\"><img loading=\"lazy\" width=\"1024\" height=\"445\" src=\"http:\/\/mediacioncordoba.com\/wp-content\/uploads\/2019\/10\/paso-1-1024x445.png\" alt=\"\" class=\"wp-image-233\" srcset=\"https:\/\/mediacioncordoba.com\/wp-content\/uploads\/2019\/10\/paso-1-1024x445.png 1024w, https:\/\/mediacioncordoba.com\/wp-content\/uploads\/2019\/10\/paso-1-300x130.png 300w, https:\/\/mediacioncordoba.com\/wp-content\/uploads\/2019\/10\/paso-1-768x334.png 768w, https:\/\/mediacioncordoba.com\/wp-content\/uploads\/2019\/10\/paso-1.png 1366w\" sizes=\"(max-width: 1024px) 100vw, 1024px\" \/><figcaption> Detall\u00e1 la informaci\u00f3n del conflicto, describiendo con precisi\u00f3n los hechos en los que se basa tu reclamo y el objeto o rubros del mismo. Si es cuantificable econ\u00f3micamente deber\u00e1s hacer click en el bot\u00f3n que dice Si\/No para ingresar la suma reclamada.<br>Completados todos los casilleros se te habilitar\u00e1 una nueva pesta\u00f1a para continuar completando tu formulario.<\/figcaption><\/figure><\/div>\n\n\n<hr class=\"wp-block-separator has-css-opacity\"\/>\n\n\n\n<h4 class=\"has-text-align-center\"><strong>Paso 3:<\/strong><\/h4>\n\n\n<div class=\"wp-block-image\">\n<figure class=\"aligncenter\"><img loading=\"lazy\" width=\"1024\" height=\"447\" src=\"http:\/\/mediacioncordoba.com\/wp-content\/uploads\/2019\/10\/paso-2-1024x447.png\" alt=\"\" class=\"wp-image-234\" srcset=\"https:\/\/mediacioncordoba.com\/wp-content\/uploads\/2019\/10\/paso-2-1024x447.png 1024w, https:\/\/mediacioncordoba.com\/wp-content\/uploads\/2019\/10\/paso-2-300x131.png 300w, https:\/\/mediacioncordoba.com\/wp-content\/uploads\/2019\/10\/paso-2-768x335.png 768w, https:\/\/mediacioncordoba.com\/wp-content\/uploads\/2019\/10\/paso-2.png 1364w\" sizes=\"(max-width: 1024px) 100vw, 1024px\" \/><figcaption>En la pesta\u00f1a &#8220;REQUIRENTE&#8221; deber\u00e1s ingresar los datos de quien requiere el proceso de mediaci\u00f3n. Una vez completados los campos obligatorios podr\u00e1s completar toda la informaci\u00f3n.<br>Si sos abogado record\u00e1 que el requirente es tu cliente y vos deber\u00e1s completar tus datos en el campo de &#8220;Abogado Patrocinante&#8221;.<\/figcaption><\/figure><\/div>\n\n\n<hr class=\"wp-block-separator has-css-opacity\"\/>\n\n\n\n<h4 class=\"has-text-align-center\"><strong>Paso 4:<\/strong><\/h4>\n\n\n\n<figure class=\"wp-block-image\"><img loading=\"lazy\" width=\"1024\" height=\"444\" src=\"http:\/\/mediacioncordoba.com\/wp-content\/uploads\/2019\/10\/paso-4-1024x444.png\" alt=\"\" class=\"wp-image-236\" srcset=\"https:\/\/mediacioncordoba.com\/wp-content\/uploads\/2019\/10\/paso-4-1024x444.png 1024w, https:\/\/mediacioncordoba.com\/wp-content\/uploads\/2019\/10\/paso-4-300x130.png 300w, https:\/\/mediacioncordoba.com\/wp-content\/uploads\/2019\/10\/paso-4-768x333.png 768w, https:\/\/mediacioncordoba.com\/wp-content\/uploads\/2019\/10\/paso-4.png 1366w\" sizes=\"(max-width: 1024px) 100vw, 1024px\" \/><figcaption>Complet\u00e1 y verific\u00e1 todos los datos del requirente.<\/figcaption><\/figure>\n\n\n\n<hr class=\"wp-block-separator has-css-opacity\"\/>\n\n\n\n<h4 class=\"has-text-align-center\"><strong>Paso 5:<\/strong><\/h4>\n\n\n\n<figure class=\"wp-block-image\"><img loading=\"lazy\" width=\"1024\" height=\"436\" src=\"http:\/\/mediacioncordoba.com\/wp-content\/uploads\/2019\/10\/Paso-6-1024x436.png\" alt=\"\" class=\"wp-image-237\" srcset=\"https:\/\/mediacioncordoba.com\/wp-content\/uploads\/2019\/10\/Paso-6-1024x436.png 1024w, https:\/\/mediacioncordoba.com\/wp-content\/uploads\/2019\/10\/Paso-6-300x128.png 300w, https:\/\/mediacioncordoba.com\/wp-content\/uploads\/2019\/10\/Paso-6-768x327.png 768w, https:\/\/mediacioncordoba.com\/wp-content\/uploads\/2019\/10\/Paso-6.png 1366w\" sizes=\"(max-width: 1024px) 100vw, 1024px\" \/><figcaption>Hac\u00e9 click sobre la pesta\u00f1a &#8220;REQUERIDO&#8221; y complet\u00e1 todos los campos obligatorios.<br>De no requerir la presencia de terceros, revis\u00e1 tu informaci\u00f3n y hac\u00e9 click en enviar.<br>Es importante que verifiques la exactitud de los datos ingresados, ya que los mismos tendr\u00e1n consecuencia en las notificaciones a cursar y, en caso de no llegar a un acuerdo, en una eventual demanda judicial.<\/figcaption><\/figure>\n\n\n\n<hr class=\"wp-block-separator has-css-opacity\"\/>\n\n\n\n<h4 class=\"has-text-align-center\"><strong>Paso 6:<\/strong><\/h4>\n\n\n\n<figure class=\"wp-block-image\"><img loading=\"lazy\" width=\"1024\" height=\"445\" src=\"http:\/\/mediacioncordoba.com\/wp-content\/uploads\/2019\/10\/paso-7-1024x445.png\" alt=\"\" class=\"wp-image-238\" srcset=\"https:\/\/mediacioncordoba.com\/wp-content\/uploads\/2019\/10\/paso-7-1024x445.png 1024w, https:\/\/mediacioncordoba.com\/wp-content\/uploads\/2019\/10\/paso-7-300x130.png 300w, https:\/\/mediacioncordoba.com\/wp-content\/uploads\/2019\/10\/paso-7-768x334.png 768w, https:\/\/mediacioncordoba.com\/wp-content\/uploads\/2019\/10\/paso-7.png 1366w\" sizes=\"(max-width: 1024px) 100vw, 1024px\" \/><figcaption>En caso de requerir la presencia de terceros en el proceso de mediaci\u00f3n, hac\u00e9 click sobre la pesta\u00f1a &#8220;TERCEROS&#8221; y complet\u00e1 los datos necesarios. <br>Finalizado, revisa la informaci\u00f3n cargada y hac\u00e9 click en enviar. <\/figcaption><\/figure>\n\n\n\n<hr class=\"wp-block-separator has-css-opacity\"\/>\n\n\n\n<h4 class=\"has-text-align-center\"><strong>Paso 7:<\/strong><\/h4>\n\n\n\n<figure class=\"wp-block-image\"><img loading=\"lazy\" width=\"1024\" height=\"441\" src=\"http:\/\/mediacioncordoba.com\/wp-content\/uploads\/2019\/10\/paso-8-1024x441.png\" alt=\"\" class=\"wp-image-239\" srcset=\"https:\/\/mediacioncordoba.com\/wp-content\/uploads\/2019\/10\/paso-8-1024x441.png 1024w, https:\/\/mediacioncordoba.com\/wp-content\/uploads\/2019\/10\/paso-8-300x129.png 300w, https:\/\/mediacioncordoba.com\/wp-content\/uploads\/2019\/10\/paso-8-768x331.png 768w, https:\/\/mediacioncordoba.com\/wp-content\/uploads\/2019\/10\/paso-8.png 1364w\" sizes=\"(max-width: 1024px) 100vw, 1024px\" \/><figcaption>Luego de hacer click en enviar, deber\u00e1s ir a la ventana &#8220;MIS SOLICITUDES&#8221;, en la izquierda de tu pantalla. All\u00ed podr\u00e1s revisar tu agenda de audiencia.<br>Hac\u00e9 click sobre el bot\u00f3n &#8220;DESCARGAR&#8221; para poder imprimir tu formulario de mediaci\u00f3n.<\/figcaption><\/figure>\n\n\n\n<hr class=\"wp-block-separator has-css-opacity\"\/>\n\n\n\n<h4 class=\"has-text-align-center\"><strong>Paso 8:<\/strong><\/h4>\n\n\n<div class=\"wp-block-image\">\n<figure class=\"aligncenter size-large\"><img loading=\"lazy\" width=\"704\" height=\"443\" src=\"https:\/\/mediacioncordoba.com\/wp-content\/uploads\/2020\/05\/da.png\" alt=\"\" class=\"wp-image-297\" srcset=\"https:\/\/mediacioncordoba.com\/wp-content\/uploads\/2020\/05\/da.png 704w, https:\/\/mediacioncordoba.com\/wp-content\/uploads\/2020\/05\/da-300x189.png 300w\" sizes=\"(max-width: 704px) 100vw, 704px\" \/><figcaption>Se te abrir\u00e1 en una nueva ventana tu formulario de solicitud de mediaci\u00f3n, el cual <strong>deber\u00e1s descargar y enviarlo por correo electr\u00f3nico, junto con toda la documentaci\u00f3n requerida, <\/strong>al correo electr\u00f3nico de Mediar (<a href=\"mailto:mediarcordoba@gmail.com\">mediarcordoba@gmail.com<\/a>)&nbsp; y al correo del Centro P\u00fablico de Mediaci\u00f3n (<a href=\"mailto:solicitudescentropublico@gmail.com\">solicitudescentropublico@gmail.com<\/a> )<strong> simult\u00e1neamente<\/strong>.<\/figcaption><\/figure><\/div>\n\n\n<hr class=\"wp-block-separator has-css-opacity\"\/>\n\n\n\n<h4 class=\"has-text-align-center\"><strong>Paso 9:<\/strong><\/h4>\n\n\n\n<p class=\"has-text-align-left\">Ya est\u00e1s listo para comenzar tu solicitud! Hac\u00e9 click en el siguiente enlace y solicit\u00e1 tu mediaci\u00f3n. No olvides que estamos disponibles para ayudarte ante cualquier consulta. <\/p>\n\n\n\n<p class=\"has-text-align-center\"><strong>GRACIAS POR ELEGIRNOS.<\/strong><\/p>\n\n\n\n<div class=\"wp-block-button aligncenter is-style-outline\"><a class=\"wp-block-button__link has-very-light-gray-color has-vivid-cyan-blue-background-color has-text-color has-background\" href=\"http:\/\/sistema.mediacioncordoba.com\">INICI\u00c1 TU MEDIACI\u00d3N<\/a><\/div>\n\n\n<div class=\"wp-block-image\">\n<figure class=\"aligncenter\"><img loading=\"lazy\" width=\"419\" height=\"184\" src=\"http:\/\/mediacioncordoba.com\/wp-content\/uploads\/2019\/08\/membrete-1.jpg\" alt=\"\" class=\"wp-image-42\" srcset=\"https:\/\/mediacioncordoba.com\/wp-content\/uploads\/2019\/08\/membrete-1.jpg 419w, https:\/\/mediacioncordoba.com\/wp-content\/uploads\/2019\/08\/membrete-1-300x132.jpg 300w\" sizes=\"(max-width: 419px) 100vw, 419px\" \/><\/figure><\/div>","protected":false},"excerpt":{"rendered":"<p>En MEDIAR te ofrecemos un exclusivo y novedoso sistema inform\u00e1tico en el que podr\u00e1s revisar cuando desees la agenda de tus audiencias de mediaci\u00f3n. Adem\u00e1s vas a poder descargar los &#8230;<\/p>\n","protected":false},"author":1,"featured_media":0,"parent":0,"menu_order":0,"comment_status":"closed","ping_status":"closed","template":"","meta":[],"_links":{"self":[{"href":"https:\/\/mediacioncordoba.com\/index.php\/wp-json\/wp\/v2\/pages\/31"}],"collection":[{"href":"https:\/\/mediacioncordoba.com\/index.php\/wp-json\/wp\/v2\/pages"}],"about":[{"href":"https:\/\/mediacioncordoba.com\/index.php\/wp-json\/wp\/v2\/types\/page"}],"author":[{"embeddable":true,"href":"https:\/\/mediacioncordoba.com\/index.php\/wp-json\/wp\/v2\/users\/1"}],"replies":[{"embeddable":true,"href":"https:\/\/mediacioncordoba.com\/index.php\/wp-json\/wp\/v2\/comments?post=31"}],"version-history":[{"count":32,"href":"https:\/\/mediacioncordoba.com\/index.php\/wp-json\/wp\/v2\/pages\/31\/revisions"}],"predecessor-version":[{"id":437,"href":"https:\/\/mediacioncordoba.com\/index.php\/wp-json\/wp\/v2\/pages\/31\/revisions\/437"}],"wp:attachment":[{"href":"https:\/\/mediacioncordoba.com\/index.php\/wp-json\/wp\/v2\/media?parent=31"}],"curies":[{"name":"wp","href":"https:\/\/api.w.org\/{rel}","templated":true}]}}